{"id":17,"date":"2016-12-21T16:47:00","date_gmt":"2016-12-21T16:47:00","guid":{"rendered":"http:\/\/palomaberganza.com\/?page_id=17"},"modified":"2020-12-15T10:41:13","modified_gmt":"2020-12-15T10:41:13","slug":"cantante-biografia","status":"publish","type":"page","link":"https:\/\/palomaberganza.com\/es\/cantante-biografia","title":{"rendered":"Paloma Berganza"},"content":{"rendered":"<p>Paloma naci\u00f3 en Madrid, realiz\u00f3 estudios de guitarra, solfeo y armon\u00eda en el Real Conservatorio Superior de M\u00fasica de Madrid. Estudi\u00f3 interpretaci\u00f3n vocal y acompa\u00f1amiento con el guitarrista y compositor Jorge Cardoso, canto cl\u00e1sico con \u00c1ngeles Chamorro y Concha Do\u00f1aque, clases de jazz vocal con la cantante Connie Philp y estudios de ortofon\u00eda en voz e interpretaci\u00f3n con Miguel Cuevas.<\/p>\n<p>Aunque de formaci\u00f3n cl\u00e1sica , pronto se decant\u00f3 por un estilo propio e inigualable con sus repertorios de chanson, bossa nova, jazz&#8230;<\/p>\n<hr>\n<p><span style=\"font-size: 18pt; color: #ff6600;\">Premios y festivales<\/span><\/p>\n<p>En 1996 gana el <strong>segundo premio del prestigioso concurso Vive la Reprise organizado por el Centre Chanson d\u2019Expression Fran\u00e7aise en el Th\u00e9\u00e2tre de Vanves de Par\u00eds<\/strong>. Fue la primera vez que una int\u00e9rprete de origen no franc\u00f3fono alcanz\u00f3 dicho premio.<\/p>\n<p>Destacan sus participaciones en III <strong>Festival de Oto\u00f1o de Madrid<\/strong> en el elenco de la Zapatera Prodigiosa de Garc\u00eda Lorca en el Teatro Alb\u00e9niz; en el <strong>Festival Europa Cantat IX en Estrasburgo<\/strong>, con la Cantata de las Naciones Unidas de C. Halffter; en el <strong>Festival de Canciones Vascas de Renter\u00eda<\/strong>, con el guitarrista Eduardo Baranzano, <strong>XVII Encuentro Internacional M\u00fasica de Cine (chanson)<\/strong> en el Teatro de la Maestranza, en la sede de la O.N.U con la Fundaci\u00f3n Pr\u00edncipe de Asturias&#8230;<\/p>\n<hr>\n<p><span style=\"font-size: 18pt; color: #ff6600;\">Discos y directos<\/span><\/p>\n<p>Paloma Berganza posee una de las voces femeninas m\u00e1s interesantes de la actualidad musical espa\u00f1ola y es la mejor int\u00e9rprete, sin duda, de canci\u00f3n francesa de nuestro pa\u00eds, y uno de sus mejores exponentes a nivel internacional. Su primer disco \u00ab<strong>Avec le temps<\/strong>\u00bb recibi\u00f3 una nominaci\u00f3n de Mejor Disco del A\u00f1o (2003) por la Academia de la M\u00fasica Espa\u00f1ola, as\u00ed como \u201c<strong>Boulevard Latino<\/strong>\u201d (2005).<\/p>\n<p>Sus \u00faltimas <strong>actuaciones<\/strong> incluyen recitales en el Teatro Espa\u00f1ol (Madrid); en el Teatro Calder\u00f3n (Valladolid); en la Fundaci\u00f3n \u201cla Caixa\u201d (Palma de Mallorca); en la Universidad Internacional Men\u00e9ndez y Pelayo (Santander); en el Auditorio Manuel de Falla de Granada; en el Liceo de Barcelona; en el Teatro L\u2019Espai de Barcelona; en el \u201cFestival de Jazz de Medell\u00edn\u201d;&nbsp; en el Seminario \u201cCultura en Curso\u201d Universidad de Salamanca&nbsp; (USAL); en La Fundaci\u00f3n Juan March Madrid; en los clubs de jazz como Caf\u00e9 Central, Clamores, Galileo\u2026<\/p>\n<hr>\n<p><span style=\"font-size: 18pt; color: #ff6600;\">Clases y talleres de canto y voz<\/span><\/p>\n<p>Taller de Canto y Voz en la Escuela Ayuntamiento de Galapagar (2003)<br \/>\nTaller Canto y Voz en La Escuela de M\u00fasica de la Universidad de Salamanca(2009).<br \/>\nProfesora de Canto y Voz&nbsp; desde 2001.<\/p>\n<p>En la actualidad compagina su <strong>labor docente<\/strong>&nbsp; (Clases particulares y colectivas; Talleres de Canto y voz para grupos) con la de <strong>int\u00e9rprete<\/strong> en diferentes escenarios nacionales e internacionales.<\/p>\n","protected":false},"excerpt":{"rendered":"<p>Paloma naci\u00f3 en Madrid, realiz\u00f3 estudios de guitarra, solfeo y armon\u00eda en el Real Conservatorio Superior de M\u00fasica de Madrid. Estudi\u00f3 interpretaci\u00f3n vocal y acompa\u00f1amiento con el guitarrista y compositor Jorge Cardoso, canto cl\u00e1sico con \u00c1ngeles Chamorro y Concha Do\u00f1aque, clases de jazz vocal con la cantante Connie Philp y estudios de ortofon\u00eda en voz &hellip; <\/p>\n<p class=\"link-more\"><a href=\"https:\/\/palomaberganza.com\/es\/cantante-biografia\" class=\"more-link\">Continuar leyendo<span class=\"screen-reader-text\"> \u00abPaloma Berganza\u00bb<\/span><\/a><\/p>\n","protected":false},"author":1,"featured_media":346,"parent":0,"menu_order":0,"comment_status":"closed","ping_status":"closed","template":"","meta":{"ngg_post_thumbnail":0},"yoast_head":"<!-- This site is optimized with the Yoast SEO plugin v20.10 - https:\/\/yoast.com\/wordpress\/plugins\/seo\/ -->\n<title>Paloma Berganza, cantante, premios, festivales, discos, clases<\/title>\n<meta name=\"description\" content=\"Paloma Berganza, cantante, premios, festivales, discos, clases de canto y voz,\" \/>\n<meta name=\"robots\" content=\"index, follow, max-snippet:-1, max-image-preview:large, max-video-preview:-1\" \/>\n<link rel=\"canonical\" href=\"https:\/\/palomaberganza.com\/cantante-biografia\" \/>\n<meta property=\"og:locale\" content=\"es_ES\" \/>\n<meta property=\"og:type\" content=\"article\" \/>\n<meta property=\"og:title\" content=\"Paloma Berganza, cantante, premios, festivales, discos, clases\" \/>\n<meta property=\"og:description\" content=\"Paloma Berganza, cantante, premios, festivales, discos, clases de canto y voz,\" \/>\n<meta property=\"og:url\" content=\"https:\/\/palomaberganza.com\/cantante-biografia\" \/>\n<meta property=\"og:site_name\" content=\"Paloma Berganza\" \/>\n<meta property=\"article:modified_time\" content=\"2020-12-15T10:41:13+00:00\" \/>\n<meta property=\"og:image\" content=\"https:\/\/palomaberganza.com\/wp-content\/uploads\/2016\/12\/2020-08-16-Paloma-Berganza8702-colour-.jpg\" \/>\n\t<meta property=\"og:image:width\" content=\"1920\" \/>\n\t<meta property=\"og:image:height\" content=\"1047\" \/>\n\t<meta property=\"og:image:type\" content=\"image\/jpeg\" \/>\n<meta name=\"twitter:card\" content=\"summary_large_image\" \/>\n<meta name=\"twitter:label1\" content=\"Tiempo de lectura\" \/>\n\t<meta name=\"twitter:data1\" content=\"2 minutos\" \/>\n<script type=\"application\/ld+json\" class=\"yoast-schema-graph\">{\"@context\":\"https:\/\/schema.org\",\"@graph\":[{\"@type\":\"WebPage\",\"@id\":\"https:\/\/palomaberganza.com\/cantante-biografia\",\"url\":\"https:\/\/palomaberganza.com\/cantante-biografia\",\"name\":\"Paloma Berganza, cantante, premios, festivales, discos, clases\",\"isPartOf\":{\"@id\":\"https:\/\/palomaberganza.com\/#website\"},\"datePublished\":\"2016-12-21T16:47:00+00:00\",\"dateModified\":\"2020-12-15T10:41:13+00:00\",\"description\":\"Paloma Berganza, cantante, premios, festivales, discos, clases de canto y voz,\",\"breadcrumb\":{\"@id\":\"https:\/\/palomaberganza.com\/cantante-biografia#breadcrumb\"},\"inLanguage\":\"es\",\"potentialAction\":[{\"@type\":\"ReadAction\",\"target\":[\"https:\/\/palomaberganza.com\/cantante-biografia\"]}]},{\"@type\":\"BreadcrumbList\",\"@id\":\"https:\/\/palomaberganza.com\/cantante-biografia#breadcrumb\",\"itemListElement\":[{\"@type\":\"ListItem\",\"position\":1,\"name\":\"Portada\",\"item\":\"https:\/\/palomaberganza.com\/\"},{\"@type\":\"ListItem\",\"position\":2,\"name\":\"Paloma Berganza\"}]},{\"@type\":\"WebSite\",\"@id\":\"https:\/\/palomaberganza.com\/#website\",\"url\":\"https:\/\/palomaberganza.com\/\",\"name\":\"Paloma Berganza\",\"description\":\"cantante\",\"potentialAction\":[{\"@type\":\"SearchAction\",\"target\":{\"@type\":\"EntryPoint\",\"urlTemplate\":\"https:\/\/palomaberganza.com\/?s={search_term_string}\"},\"query-input\":\"required name=search_term_string\"}],\"inLanguage\":\"es\"}]}<\/script>\n<!-- \/ Yoast SEO plugin. -->","yoast_head_json":{"title":"Paloma Berganza, cantante, premios, festivales, discos, clases","description":"Paloma Berganza, cantante, premios, festivales, discos, clases de canto y voz,","robots":{"index":"index","follow":"follow","max-snippet":"max-snippet:-1","max-image-preview":"max-image-preview:large","max-video-preview":"max-video-preview:-1"},"canonical":"https:\/\/palomaberganza.com\/cantante-biografia","og_locale":"es_ES","og_type":"article","og_title":"Paloma Berganza, cantante, premios, festivales, discos, clases","og_description":"Paloma Berganza, cantante, premios, festivales, discos, clases de canto y voz,","og_url":"https:\/\/palomaberganza.com\/cantante-biografia","og_site_name":"Paloma Berganza","article_modified_time":"2020-12-15T10:41:13+00:00","og_image":[{"width":1920,"height":1047,"url":"https:\/\/palomaberganza.com\/wp-content\/uploads\/2016\/12\/2020-08-16-Paloma-Berganza8702-colour-.jpg","type":"image\/jpeg"}],"twitter_card":"summary_large_image","twitter_misc":{"Tiempo de lectura":"2 minutos"},"schema":{"@context":"https:\/\/schema.org","@graph":[{"@type":"WebPage","@id":"https:\/\/palomaberganza.com\/cantante-biografia","url":"https:\/\/palomaberganza.com\/cantante-biografia","name":"Paloma Berganza, cantante, premios, festivales, discos, clases","isPartOf":{"@id":"https:\/\/palomaberganza.com\/#website"},"datePublished":"2016-12-21T16:47:00+00:00","dateModified":"2020-12-15T10:41:13+00:00","description":"Paloma Berganza, cantante, premios, festivales, discos, clases de canto y voz,","breadcrumb":{"@id":"https:\/\/palomaberganza.com\/cantante-biografia#breadcrumb"},"inLanguage":"es","potentialAction":[{"@type":"ReadAction","target":["https:\/\/palomaberganza.com\/cantante-biografia"]}]},{"@type":"BreadcrumbList","@id":"https:\/\/palomaberganza.com\/cantante-biografia#breadcrumb","itemListElement":[{"@type":"ListItem","position":1,"name":"Portada","item":"https:\/\/palomaberganza.com\/"},{"@type":"ListItem","position":2,"name":"Paloma Berganza"}]},{"@type":"WebSite","@id":"https:\/\/palomaberganza.com\/#website","url":"https:\/\/palomaberganza.com\/","name":"Paloma Berganza","description":"cantante","potentialAction":[{"@type":"SearchAction","target":{"@type":"EntryPoint","urlTemplate":"https:\/\/palomaberganza.com\/?s={search_term_string}"},"query-input":"required name=search_term_string"}],"inLanguage":"es"}]}},"_links":{"self":[{"href":"https:\/\/palomaberganza.com\/es\/wp-json\/wp\/v2\/pages\/17"}],"collection":[{"href":"https:\/\/palomaberganza.com\/es\/wp-json\/wp\/v2\/pages"}],"about":[{"href":"https:\/\/palomaberganza.com\/es\/wp-json\/wp\/v2\/types\/page"}],"author":[{"embeddable":true,"href":"https:\/\/palomaberganza.com\/es\/wp-json\/wp\/v2\/users\/1"}],"replies":[{"embeddable":true,"href":"https:\/\/palomaberganza.com\/es\/wp-json\/wp\/v2\/comments?post=17"}],"version-history":[{"count":37,"href":"https:\/\/palomaberganza.com\/es\/wp-json\/wp\/v2\/pages\/17\/revisions"}],"predecessor-version":[{"id":218,"href":"https:\/\/palomaberganza.com\/es\/wp-json\/wp\/v2\/pages\/17\/revisions\/218"}],"wp:featuredmedia":[{"embeddable":true,"href":"https:\/\/palomaberganza.com\/es\/wp-json\/wp\/v2\/media\/346"}],"wp:attachment":[{"href":"https:\/\/palomaberganza.com\/es\/wp-json\/wp\/v2\/media?parent=17"}],"curies":[{"name":"wp","href":"https:\/\/api.w.org\/{rel}","templated":true}]}}