{"id":2,"date":"2016-12-21T16:37:45","date_gmt":"2016-12-21T16:37:45","guid":{"rendered":"http:\/\/palomaberganza.com\/?page_id=2"},"modified":"2017-01-05T16:52:53","modified_gmt":"2017-01-05T16:52:53","slug":"discografiapalomaberganza","status":"publish","type":"page","link":"https:\/\/palomaberganza.com\/es\/discografiapalomaberganza","title":{"rendered":"Discograf\u00eda"},"content":{"rendered":"<p>Paloma Berganza, irrumpi\u00f3 en el panorama musical espa\u00f1ol (y europeo) en 2003 con inusitada fuerza de la mano de <strong>\u201cAvec le temps\u201d<\/strong>, su primer album.<br \/>\nSorprendi\u00f3 a casi todo el mundo con una maravillosa colecci\u00f3n de joyas de la <strong>chanson<\/strong> reactualizadas entre <strong>acordes de jazz y pinceladas de bossa<\/strong>.<\/p>\n<p>Prensa y p\u00fablico saludaron con entusiasmo la edici\u00f3n de un \u201cAvec le temps\u201d cuyo encanto lleg\u00f3 a seducir al mism\u00edsimo Moustaki, quien no dud\u00f3 en afirmar que Paloma le hab\u00eda hecho \u201cdescubrir canciones que cre\u00eda conocer perfectamente\u201d.<\/p>\n<hr>\n<p><iframe loading=\"lazy\" src=\"\/\/www.youtube.com\/embed\/wKgPahQvkwA?rel=0\" allowfullscreen=\"allowfullscreen\" width=\"853\" height=\"480\" frameborder=\"0\"><\/iframe><\/p>\n<hr>\n<p>Repitiendo con su segundo disco <strong>\u201cBoulevard Latino\u201d<\/strong> los laureles de los \u00e9xitos conseguidos con su primer trabajo \u201ccantando nostalgias y esperanzas\u201d, seg\u00fan sus intenciones declaradas.<\/p>\n<p>Nostalgias, esperanzas, sentimientos, pasiones, amores y desamores expresados con la misma sutileza y elegancia de la que hac\u00eda gala en \u201cAvec le temps\u201d pero en esta ocasi\u00f3n coloreados con una paleta en la que tienen cabida, adem\u00e1s de la <strong>chanson<\/strong>, las vivas tonalidades de la <strong>m\u00fasica brasile\u00f1a<\/strong> y la riqueza crom\u00e1tica del <strong>tango<\/strong> y la <strong>m\u00fasica latina<\/strong>.<\/p>\n<p>Paloma Berganza demostr\u00f3 que en su voz, las palabras de los grandes maestros de la canci\u00f3n francesa recuperaban todo su aliento y sus melod\u00edas refulg\u00edan tan seductoramente como el primer d\u00eda sin que el tiempo pareciera haberlas ajado en lo m\u00e1s m\u00ednimo.&nbsp;<\/p>\n<hr>\n<figure id=\"attachment_131\" aria-describedby=\"caption-attachment-131\" style=\"width: 300px\" class=\"wp-caption alignnone\"><a href=\"https:\/\/itunes.apple.com\/mx\/album\/avec-le-temps\/id646463685\" target=\"_blank\"><img decoding=\"async\" loading=\"lazy\" class=\"wp-image-131 size-medium\" title=\"Avec les temps, Paloma Berganza\" src=\"http:\/\/palomaberganza.com\/wp-content\/uploads\/2016\/12\/Avec-les-temps-300x300.jpg\" alt=\"Avec les temps, Paloma Berganza\" width=\"300\" height=\"300\" srcset=\"https:\/\/palomaberganza.com\/wp-content\/uploads\/2016\/12\/Avec-les-temps-300x300.jpg 300w, https:\/\/palomaberganza.com\/wp-content\/uploads\/2016\/12\/Avec-les-temps-150x150.jpg 150w, https:\/\/palomaberganza.com\/wp-content\/uploads\/2016\/12\/Avec-les-temps-100x100.jpg 100w, https:\/\/palomaberganza.com\/wp-content\/uploads\/2016\/12\/Avec-les-temps.jpg 500w\" sizes=\"(max-width: 300px) 100vw, 300px\" \/><\/a><figcaption id=\"caption-attachment-131\" class=\"wp-caption-text\">Avec les temps, Paloma Berganza<\/figcaption><\/figure>\n<p><span style=\"font-size: 18pt;\"><span style=\"font-size: 24pt;\">Avec le temps<\/span><span style=\"font-size: 12pt;\"> (Ensayo &#8211; 2003)<\/span><\/span><\/p>\n<p>01. Sous le ciel de Paris (Giraud \u2013 Dr\u00e9jac)<br \/>\n02. Avec le temps (Ferr\u00e9)<br \/>\n03. Le parapluie (Brassens)<br \/>\n04. L\u2019hymne \u00e0 l\u2019amour (Piaf \u2013 Monnot)<br \/>\n05. Ne me quitte pas (Brel)<br \/>\n06. Les eaux de mars (Moustaki \u2013 Jobim)<br \/>\n07. Milord (Moustaki \u2013 Monnot)<br \/>\n08. Ma solitude (Moustaki)<br \/>\n09. Padam, padam (Glanzberg \u2013 Contet)<br \/>\n10. La vie en rose (Piaf \u2013 Louiguy)<br \/>\n11. Nous sommes deux (Moustaki \u2013 Th\u00e9odorakis)<br \/>\n12. La chanson des vieux amants (Brel)<br \/>\n13. La valse \u00e0 mille temps (Brel)<\/p>\n<p><span style=\"font-size: 10pt;\">Finalista a los Premios de la M\u00fasica 2003<\/span><br \/>\n<span style=\"font-size: 10pt;\">(Academia de las Artes y las Ciencias de la M\u00fasica)<br \/>\n<\/span><\/p>\n<hr>\n<figure id=\"attachment_129\" aria-describedby=\"caption-attachment-129\" style=\"width: 300px\" class=\"wp-caption alignnone\"><a href=\"https:\/\/itunes.apple.com\/mx\/album\/boulevard-latino\/id286401931\" target=\"_blank\"><img decoding=\"async\" loading=\"lazy\" class=\"size-medium wp-image-129\" src=\"http:\/\/palomaberganza.com\/wp-content\/uploads\/2016\/12\/Boulevard-latino-300x300.jpg\" alt=\"Boulevard latino, Paloma Berganza\" width=\"300\" height=\"300\" srcset=\"https:\/\/palomaberganza.com\/wp-content\/uploads\/2016\/12\/Boulevard-latino-300x300.jpg 300w, https:\/\/palomaberganza.com\/wp-content\/uploads\/2016\/12\/Boulevard-latino-150x150.jpg 150w, https:\/\/palomaberganza.com\/wp-content\/uploads\/2016\/12\/Boulevard-latino-100x100.jpg 100w, https:\/\/palomaberganza.com\/wp-content\/uploads\/2016\/12\/Boulevard-latino.jpg 500w\" sizes=\"(max-width: 300px) 100vw, 300px\" \/><\/a><figcaption id=\"caption-attachment-129\" class=\"wp-caption-text\">Boulevard latino, Paloma Berganza<\/figcaption><\/figure>\n<p><span style=\"font-size: 18pt;\"><span style=\"font-size: 24pt;\">Boulevard Latino<\/span><span style=\"font-size: 12pt;\"> (Ensayo &#8211; 2004)<\/span><\/span><\/p>\n<p>01. J\u2019oublie (Piazzolla \u2013 Tarenzi)<br \/>\n02. Que reste-t-il de nos amours (Tr\u00e9net)<br \/>\n03. Les feuilles mortes (Kosma \u2013 Pr\u00e9vert)<br \/>\n04. Vuelvo al Sur (Piazzolla \u2013 Solanas)<br \/>\n05. Se equivoc\u00f3 la paloma (Guastavino \u2013 Alberti)<br \/>\n06. Moliendo caf\u00e9 (Manzo)<br \/>\n07. Volver (Gardel \u2013 Lepera)<br \/>\n08. O che o che ( Luis Gonzaga)<br \/>\n09. Bahia (Barroso)<br \/>\n10. Disparada (Barros de Theophilo \u2013 Vandre \u2013 Pedrosa de Araujo)<\/p>\n<p><span style=\"font-size: 10pt;\">Finalista a los Premios de la M\u00fasica 2005<\/span><br \/>\n<span style=\"font-size: 10pt;\">(Academia de las Artes y las Ciencias de la M\u00fasica)<\/span><\/p>\n<hr>\n<p><span style=\"border-radius: 2px; text-indent: 20px; width: auto; padding: 0px 4px 0px 0px; text-align: center; font: bold 11px\/20px 'Helvetica Neue',Helvetica,sans-serif; color: #ffffff; background: #bd081c no-repeat scroll 3px 50% \/ 14px 14px; position: absolute; opacity: 1; z-index: 8675309; display: none; cursor: pointer; top: 934px; left: 50px;\">Guardar<\/span><\/p>\n<p><span style=\"border-radius: 2px; text-indent: 20px; width: auto; padding: 0px 4px 0px 0px; text-align: center; font: bold 11px\/20px 'Helvetica Neue',Helvetica,sans-serif; color: #ffffff; background: #bd081c no-repeat scroll 3px 50% \/ 14px 14px; position: absolute; opacity: 1; z-index: 8675309; display: none; cursor: pointer; top: 1253px; left: 50px;\">Guardar<\/span><\/p>\n<p><span style=\"border-radius: 2px; text-indent: 20px; width: auto; padding: 0px 4px 0px 0px; text-align: center; font: bold 11px\/20px 'Helvetica Neue',Helvetica,sans-serif; color: #ffffff; background: #bd081c no-repeat scroll 3px 50% \/ 14px 14px; position: absolute; opacity: 1; z-index: 8675309; display: none; cursor: pointer; top: 115px; left: 50px;\">Guardar<\/span><\/p>\n<p><span style=\"border-radius: 2px; text-indent: 20px; width: auto; padding: 0px 4px 0px 0px; text-align: center; font: bold 11px\/20px 'Helvetica Neue',Helvetica,sans-serif; color: #ffffff; background: #bd081c no-repeat scroll 3px 50% \/ 14px 14px; position: absolute; opacity: 1; z-index: 8675309; display: none; cursor: pointer; top: 64px; left: 55px;\">Guardar<\/span><\/p>\n<p><span style=\"border-radius: 2px; text-indent: 20px; width: auto; padding: 0px 4px 0px 0px; text-align: center; font: bold 11px\/20px 'Helvetica Neue',Helvetica,sans-serif; color: #ffffff; background: #bd081c no-repeat scroll 3px 50% \/ 14px 14px; position: absolute; opacity: 1; z-index: 8675309; display: none; cursor: pointer; top: 64px; left: 50px;\">Guardar<\/span><\/p>\n<p><span style=\"border-radius: 2px; text-indent: 20px; width: auto; padding: 0px 4px 0px 0px; text-align: center; font: bold 11px\/20px 'Helvetica Neue',Helvetica,sans-serif; color: #ffffff; background: #bd081c no-repeat scroll 3px 50% \/ 14px 14px; position: absolute; opacity: 1; z-index: 8675309; display: none; cursor: pointer; top: 1221px; left: 50px;\">Guardar<\/span><\/p>\n<p><span style=\"border-radius: 2px; text-indent: 20px; width: auto; padding: 0px 4px 0px 0px; text-align: center; font: bold 11px\/20px 'Helvetica Neue',Helvetica,sans-serif; color: #ffffff; background: #bd081c no-repeat scroll 3px 50% \/ 14px 14px; position: absolute; opacity: 1; z-index: 8675309; display: none; cursor: pointer; top: 64px; left: 50px;\">Guardar<\/span><\/p>\n<p><span style=\"border-radius: 2px; text-indent: 20px; width: auto; padding: 0px 4px 0px 0px; text-align: center; font: bold 11px\/20px 'Helvetica Neue',Helvetica,sans-serif; color: #ffffff; background: #bd081c no-repeat scroll 3px 50% \/ 14px 14px; position: absolute; opacity: 1; z-index: 8675309; display: none; cursor: pointer;\">Guardar<\/span><\/p>\n<p><span style=\"border-radius: 2px; text-indent: 20px; width: auto; padding: 0px 4px 0px 0px; text-align: center; font: bold 11px\/20px 'Helvetica Neue',Helvetica,sans-serif; color: #ffffff; background: #bd081c no-repeat scroll 3px 50% \/ 14px 14px; position: absolute; opacity: 1; z-index: 8675309; display: none; cursor: pointer; top: 1536px; left: 50px;\">Guardar<\/span><\/p>\n<p><span style=\"border-radius: 2px; text-indent: 20px; width: auto; padding: 0px 4px 0px 0px; text-align: center; font: bold 11px\/20px 'Helvetica Neue',Helvetica,sans-serif; color: #ffffff; background: #bd081c no-repeat scroll 3px 50% \/ 14px 14px; position: absolute; opacity: 1; z-index: 8675309; display: none; cursor: pointer; top: 762px; left: 50px;\">Guardar<\/span><\/p>\n<p><span style=\"border-radius: 2px; text-indent: 20px; width: auto; padding: 0px 4px 0px 0px; text-align: center; font: bold 11px\/20px 'Helvetica Neue',Helvetica,sans-serif; color: #ffffff; background: #bd081c no-repeat scroll 3px 50% \/ 14px 14px; position: absolute; opacity: 1; z-index: 8675309; display: none; cursor: pointer; top: 736px; left: 50px;\">Guardar<\/span><\/p>\n<p><span style=\"border-radius: 2px; text-indent: 20px; width: auto; padding: 0px 4px 0px 0px; text-align: center; font: bold 11px\/20px 'Helvetica Neue',Helvetica,sans-serif; color: #ffffff; background: #bd081c no-repeat scroll 3px 50% \/ 14px 14px; position: absolute; opacity: 1; z-index: 8675309; display: none; cursor: pointer;\">Guardar<\/span><\/p>\n<p><span style=\"border-radius: 2px; text-indent: 20px; width: auto; padding: 0px 4px 0px 0px; text-align: center; font: bold 11px\/20px 'Helvetica Neue',Helvetica,sans-serif; color: #ffffff; background: #bd081c no-repeat scroll 3px 50% \/ 14px 14px; position: absolute; opacity: 1; z-index: 8675309; display: none; cursor: pointer;\">Guardar<\/span><\/p>\n<p><span style=\"border-radius: 2px; text-indent: 20px; width: auto; padding: 0px 4px 0px 0px; text-align: center; font: bold 11px\/20px 'Helvetica Neue',Helvetica,sans-serif; color: #ffffff; background: #bd081c no-repeat scroll 3px 50% \/ 14px 14px; position: absolute; opacity: 1; z-index: 8675309; display: none; cursor: pointer; top: 2248px; left: 50px;\">Guardar<\/span><\/p>\n<p><span style=\"border-radius: 2px; text-indent: 20px; width: auto; padding: 0px 4px 0px 0px; text-align: center; font: bold 11px\/20px 'Helvetica Neue',Helvetica,sans-serif; color: #ffffff; background: #bd081c no-repeat scroll 3px 50% \/ 14px 14px; position: absolute; opacity: 1; z-index: 8675309; display: none; cursor: pointer;\">Guardar<\/span><\/p>\n<p><span style=\"border-radius: 2px; text-indent: 20px; width: auto; padding: 0px 4px 0px 0px; text-align: center; font: bold 11px\/20px 'Helvetica Neue',Helvetica,sans-serif; color: #ffffff; background: #bd081c no-repeat scroll 3px 50% \/ 14px 14px; position: absolute; opacity: 1; z-index: 8675309; display: none; cursor: pointer; top: 1297px; left: 50px;\">Guardar<\/span><\/p>\n<p><span style=\"border-radius: 2px; text-indent: 20px; width: auto; padding: 0px 4px 0px 0px; text-align: center; font: bold 11px\/20px 'Helvetica Neue',Helvetica,sans-serif; color: #ffffff; background: #bd081c no-repeat scroll 3px 50% \/ 14px 14px; position: absolute; opacity: 1; z-index: 8675309; display: none; cursor: pointer; top: 1297px; left: 50px;\">Guardar<\/span><\/p>\n<p><span style=\"border-radius: 2px; text-indent: 20px; width: auto; padding: 0px 4px 0px 0px; text-align: center; font: bold 11px\/20px 'Helvetica Neue',Helvetica,sans-serif; color: #ffffff; background: #bd081c no-repeat scroll 3px 50% \/ 14px 14px; position: absolute; opacity: 1; z-index: 8675309; display: none; cursor: pointer; top: 2217px; left: 55px;\">Guardar<\/span><\/p>\n<p><span style=\"border-radius: 2px; text-indent: 20px; width: auto; padding: 0px 4px 0px 0px; text-align: center; font: bold 11px\/20px 'Helvetica Neue',Helvetica,sans-serif; color: #ffffff; background: #bd081c no-repeat scroll 3px 50% \/ 14px 14px; position: absolute; opacity: 1; z-index: 8675309; display: none; cursor: pointer;\">Guardar<\/span><\/p>\n<p><span style=\"border-radius: 2px; text-indent: 20px; width: auto; padding: 0px 4px 0px 0px; text-align: center; font: bold 11px\/20px 'Helvetica Neue',Helvetica,sans-serif; color: #ffffff; background: #bd081c no-repeat scroll 3px 50% \/ 14px 14px; position: absolute; opacity: 1; z-index: 8675309; display: none; cursor: pointer;\">Guardar<\/span><\/p>\n<p><span style=\"border-radius: 2px; text-indent: 20px; width: auto; padding: 0px 4px 0px 0px; text-align: center; font: bold 11px\/20px 'Helvetica Neue',Helvetica,sans-serif; color: #ffffff; background: #bd081c no-repeat scroll 3px 50% \/ 14px 14px; position: absolute; opacity: 1; z-index: 8675309; display: none; cursor: pointer;\">Guardar<\/span><\/p>\n<p><span style=\"border-radius: 2px; text-indent: 20px; width: auto; padding: 0px 4px 0px 0px; text-align: center; font: bold 11px\/20px 'Helvetica Neue',Helvetica,sans-serif; color: #ffffff; background: #bd081c no-repeat scroll 3px 50% \/ 14px 14px; position: absolute; opacity: 1; z-index: 8675309; display: none; cursor: pointer;\">Guardar<\/span><\/p>\n<p><span style=\"border-radius: 2px; text-indent: 20px; width: auto; padding: 0px 4px 0px 0px; text-align: center; font: bold 11px\/20px 'Helvetica Neue',Helvetica,sans-serif; color: #ffffff; background: #bd081c no-repeat scroll 3px 50% \/ 14px 14px; position: absolute; opacity: 1; z-index: 8675309; display: none; cursor: pointer; top: 2264px; left: 50px;\">Guardar<\/span><\/p>\n<p><span style=\"border-radius: 2px; text-indent: 20px; width: auto; padding: 0px 4px 0px 0px; text-align: center; font: bold 11px\/20px 'Helvetica Neue',Helvetica,sans-serif; color: #ffffff; background: #bd081c no-repeat scroll 3px 50% \/ 14px 14px; position: absolute; opacity: 1; z-index: 8675309; display: none; cursor: pointer;\">Guardar<\/span><\/p>\n<p><span style=\"border-radius: 2px; text-indent: 20px; width: auto; padding: 0px 4px 0px 0px; text-align: center; font: bold 11px\/20px 'Helvetica Neue',Helvetica,sans-serif; color: #ffffff; background: #bd081c  no-repeat scroll 3px 50% \/ 14px 14px; position: absolute; opacity: 1; z-index: 8675309; display: none; cursor: pointer;\">Guardar<\/span><\/p>\n","protected":false},"excerpt":{"rendered":"<p>Paloma Berganza, irrumpi\u00f3 en el panorama musical espa\u00f1ol (y europeo) en 2003 con inusitada fuerza de la mano de \u201cAvec le temps\u201d, su primer album. Sorprendi\u00f3 a casi todo el mundo con una maravillosa colecci\u00f3n de joyas de la chanson reactualizadas entre acordes de jazz y pinceladas de bossa. Prensa y p\u00fablico saludaron con entusiasmo &hellip; <\/p>\n<p class=\"link-more\"><a href=\"https:\/\/palomaberganza.com\/es\/discografiapalomaberganza\" class=\"more-link\">Continuar leyendo<span class=\"screen-reader-text\"> \u00abDiscograf\u00eda\u00bb<\/span><\/a><\/p>\n","protected":false},"author":1,"featured_media":162,"parent":0,"menu_order":0,"comment_status":"closed","ping_status":"open","template":"","meta":{"ngg_post_thumbnail":0},"yoast_head":"<!-- This site is optimized with the Yoast SEO plugin v20.10 - https:\/\/yoast.com\/wordpress\/plugins\/seo\/ -->\n<title>Paloma Berganza discograf\u00eda<\/title>\n<meta name=\"description\" content=\"Avec les temps, Paloma Berganza, Boulevard latino, Paloma Berganza\" \/>\n<meta name=\"robots\" content=\"index, follow, max-snippet:-1, max-image-preview:large, max-video-preview:-1\" \/>\n<link rel=\"canonical\" href=\"https:\/\/palomaberganza.com\/discografiapalomaberganza\" \/>\n<meta property=\"og:locale\" content=\"es_ES\" \/>\n<meta property=\"og:type\" content=\"article\" \/>\n<meta property=\"og:title\" content=\"Paloma Berganza discograf\u00eda\" \/>\n<meta property=\"og:description\" content=\"Avec les temps, Paloma Berganza, Boulevard latino, Paloma Berganza\" \/>\n<meta property=\"og:url\" content=\"https:\/\/palomaberganza.com\/discografiapalomaberganza\" \/>\n<meta property=\"og:site_name\" content=\"Paloma Berganza\" \/>\n<meta property=\"article:modified_time\" content=\"2017-01-05T16:52:53+00:00\" \/>\n<meta property=\"og:image\" content=\"https:\/\/palomaberganza.com\/wp-content\/uploads\/2016\/12\/Paloma-Berganza-5.jpg\" \/>\n\t<meta property=\"og:image:width\" content=\"2000\" \/>\n\t<meta property=\"og:image:height\" content=\"1200\" \/>\n\t<meta property=\"og:image:type\" content=\"image\/jpeg\" \/>\n<meta name=\"twitter:card\" content=\"summary_large_image\" \/>\n<meta name=\"twitter:label1\" content=\"Tiempo de lectura\" \/>\n\t<meta name=\"twitter:data1\" content=\"2 minutos\" \/>\n<script type=\"application\/ld+json\" class=\"yoast-schema-graph\">{\"@context\":\"https:\/\/schema.org\",\"@graph\":[{\"@type\":\"WebPage\",\"@id\":\"https:\/\/palomaberganza.com\/discografiapalomaberganza\",\"url\":\"https:\/\/palomaberganza.com\/discografiapalomaberganza\",\"name\":\"Paloma Berganza discograf\u00eda\",\"isPartOf\":{\"@id\":\"https:\/\/palomaberganza.com\/#website\"},\"datePublished\":\"2016-12-21T16:37:45+00:00\",\"dateModified\":\"2017-01-05T16:52:53+00:00\",\"description\":\"Avec les temps, Paloma Berganza, Boulevard latino, Paloma Berganza\",\"breadcrumb\":{\"@id\":\"https:\/\/palomaberganza.com\/discografiapalomaberganza#breadcrumb\"},\"inLanguage\":\"es\",\"potentialAction\":[{\"@type\":\"ReadAction\",\"target\":[\"https:\/\/palomaberganza.com\/discografiapalomaberganza\"]}]},{\"@type\":\"BreadcrumbList\",\"@id\":\"https:\/\/palomaberganza.com\/discografiapalomaberganza#breadcrumb\",\"itemListElement\":[{\"@type\":\"ListItem\",\"position\":1,\"name\":\"Portada\",\"item\":\"https:\/\/palomaberganza.com\/\"},{\"@type\":\"ListItem\",\"position\":2,\"name\":\"Discograf\u00eda\"}]},{\"@type\":\"WebSite\",\"@id\":\"https:\/\/palomaberganza.com\/#website\",\"url\":\"https:\/\/palomaberganza.com\/\",\"name\":\"Paloma Berganza\",\"description\":\"cantante\",\"potentialAction\":[{\"@type\":\"SearchAction\",\"target\":{\"@type\":\"EntryPoint\",\"urlTemplate\":\"https:\/\/palomaberganza.com\/?s={search_term_string}\"},\"query-input\":\"required name=search_term_string\"}],\"inLanguage\":\"es\"}]}<\/script>\n<!-- \/ Yoast SEO plugin. -->","yoast_head_json":{"title":"Paloma Berganza discograf\u00eda","description":"Avec les temps, Paloma Berganza, Boulevard latino, Paloma Berganza","robots":{"index":"index","follow":"follow","max-snippet":"max-snippet:-1","max-image-preview":"max-image-preview:large","max-video-preview":"max-video-preview:-1"},"canonical":"https:\/\/palomaberganza.com\/discografiapalomaberganza","og_locale":"es_ES","og_type":"article","og_title":"Paloma Berganza discograf\u00eda","og_description":"Avec les temps, Paloma Berganza, Boulevard latino, Paloma Berganza","og_url":"https:\/\/palomaberganza.com\/discografiapalomaberganza","og_site_name":"Paloma Berganza","article_modified_time":"2017-01-05T16:52:53+00:00","og_image":[{"width":2000,"height":1200,"url":"https:\/\/palomaberganza.com\/wp-content\/uploads\/2016\/12\/Paloma-Berganza-5.jpg","type":"image\/jpeg"}],"twitter_card":"summary_large_image","twitter_misc":{"Tiempo de lectura":"2 minutos"},"schema":{"@context":"https:\/\/schema.org","@graph":[{"@type":"WebPage","@id":"https:\/\/palomaberganza.com\/discografiapalomaberganza","url":"https:\/\/palomaberganza.com\/discografiapalomaberganza","name":"Paloma Berganza discograf\u00eda","isPartOf":{"@id":"https:\/\/palomaberganza.com\/#website"},"datePublished":"2016-12-21T16:37:45+00:00","dateModified":"2017-01-05T16:52:53+00:00","description":"Avec les temps, Paloma Berganza, Boulevard latino, Paloma Berganza","breadcrumb":{"@id":"https:\/\/palomaberganza.com\/discografiapalomaberganza#breadcrumb"},"inLanguage":"es","potentialAction":[{"@type":"ReadAction","target":["https:\/\/palomaberganza.com\/discografiapalomaberganza"]}]},{"@type":"BreadcrumbList","@id":"https:\/\/palomaberganza.com\/discografiapalomaberganza#breadcrumb","itemListElement":[{"@type":"ListItem","position":1,"name":"Portada","item":"https:\/\/palomaberganza.com\/"},{"@type":"ListItem","position":2,"name":"Discograf\u00eda"}]},{"@type":"WebSite","@id":"https:\/\/palomaberganza.com\/#website","url":"https:\/\/palomaberganza.com\/","name":"Paloma Berganza","description":"cantante","potentialAction":[{"@type":"SearchAction","target":{"@type":"EntryPoint","urlTemplate":"https:\/\/palomaberganza.com\/?s={search_term_string}"},"query-input":"required name=search_term_string"}],"inLanguage":"es"}]}},"_links":{"self":[{"href":"https:\/\/palomaberganza.com\/es\/wp-json\/wp\/v2\/pages\/2"}],"collection":[{"href":"https:\/\/palomaberganza.com\/es\/wp-json\/wp\/v2\/pages"}],"about":[{"href":"https:\/\/palomaberganza.com\/es\/wp-json\/wp\/v2\/types\/page"}],"author":[{"embeddable":true,"href":"https:\/\/palomaberganza.com\/es\/wp-json\/wp\/v2\/users\/1"}],"replies":[{"embeddable":true,"href":"https:\/\/palomaberganza.com\/es\/wp-json\/wp\/v2\/comments?post=2"}],"version-history":[{"count":29,"href":"https:\/\/palomaberganza.com\/es\/wp-json\/wp\/v2\/pages\/2\/revisions"}],"predecessor-version":[{"id":296,"href":"https:\/\/palomaberganza.com\/es\/wp-json\/wp\/v2\/pages\/2\/revisions\/296"}],"wp:featuredmedia":[{"embeddable":true,"href":"https:\/\/palomaberganza.com\/es\/wp-json\/wp\/v2\/media\/162"}],"wp:attachment":[{"href":"https:\/\/palomaberganza.com\/es\/wp-json\/wp\/v2\/media?parent=2"}],"curies":[{"name":"wp","href":"https:\/\/api.w.org\/{rel}","templated":true}]}}