{"id":256,"date":"2016-12-26T17:31:47","date_gmt":"2016-12-26T17:31:47","guid":{"rendered":"http:\/\/palomaberganza.com\/?page_id=256"},"modified":"2017-04-06T10:29:52","modified_gmt":"2017-04-06T10:29:52","slug":"videos","status":"publish","type":"page","link":"https:\/\/palomaberganza.com\/es\/videos","title":{"rendered":"Conciertos (v\u00eddeos)"},"content":{"rendered":"<p><span id=\"eow-title\" class=\"watch-title\" dir=\"ltr\" style=\"font-family: helvetica,arial,sans-serif; color: #808080;\" title=\"PALOMA BERGANZA CUARTETO.El Jazz de Boris Vian.Caf\u00e9 Central-2016\"><span style=\"font-size: 18pt;\">Paloma Berganza Cuarteto<\/span><br \/>\n<span style=\"font-size: 14pt; font-family: times new roman,times,serif;\">El Jazz de Boris Vian. Madrid, Caf\u00e9 Central, 2016. <\/span><\/span><\/p>\n<p><iframe loading=\"lazy\" src=\"\/\/www.youtube.com\/embed\/_rqSPSoDEjU?rel=0\" allowfullscreen=\"allowfullscreen\" width=\"853\" frameborder=\"0\" height=\"480\"><\/iframe><\/p>\n<hr>\n<p><span id=\"eow-title\" class=\"watch-title\" dir=\"ltr\" style=\"font-family: helvetica,arial,sans-serif; color: #808080;\" title=\"PALOMA BERGANZA CUARTETO.El Jazz de Boris Vian.Caf\u00e9 Central-2016\"><span style=\"font-size: 18pt;\">Paloma Berganza Cuarteto<\/span><br \/>\n<span style=\"font-size: 14pt; font-family: times new roman,times,serif;\">Concierto de Paloma Berganza en cuarteto (Paloma Berganza, Daniel Oyarzabal, Antonio \u201cTo\u00f1o\u201d Miguel y Noah Shaye)<br \/>\n\u201cEl compositor: la canci\u00f3n\u201d en el ciclo \u201cEl jazz de Boris Vian\u201d. Fundaci\u00f3n Juan March, Madrid. 07\/11\/2015<\/span><\/span><\/p>\n<div style=\"width: 525px;\" class=\"wp-video\"><!--[if lt IE 9]><script>document.createElement('video');<\/script><![endif]-->\n<video class=\"wp-video-shortcode\" id=\"video-256-1\" width=\"525\" height=\"295\" preload=\"metadata\" controls=\"controls\"><source type=\"video\/mp4\" src=\"http:\/\/palomaberganza.com\/wp-content\/uploads\/2016\/12\/Paloma-Berganza-Juan-March-11-2015.mp4?_=1\" \/><a href=\"http:\/\/palomaberganza.com\/wp-content\/uploads\/2016\/12\/Paloma-Berganza-Juan-March-11-2015.mp4\">http:\/\/palomaberganza.com\/wp-content\/uploads\/2016\/12\/Paloma-Berganza-Juan-March-11-2015.mp4<\/a><\/video><\/div>\n<hr>\n<p><span style=\"font-size: 18pt; color: #808080;\">Paloma Berganza y Daniel Oyarzabal<\/span><br \/>\n<span style=\"font-size: 14pt; color: #808080; font-family: times new roman,times,serif;\"> Ne me quitte pas (Jacques Brel)<\/span><br \/>\n<span style=\"font-size: 14pt; color: #808080; font-family: times new roman,times,serif;\"> Madrid, 2012<\/span><\/p>\n<p><iframe loading=\"lazy\" src=\"\/\/www.youtube.com\/embed\/rqOWMMYsoos?rel=0\" allowfullscreen=\"allowfullscreen\" width=\"853\" frameborder=\"0\" height=\"480\"><\/iframe><\/p>\n<hr>\n<p class=\"watch-title-container\"><span style=\"font-family: helvetica,arial,sans-serif; color: #808080;\"><span id=\"eow-title\" class=\"watch-title\" dir=\"ltr\" title=\"Paloma Berganza y Mario Ju\u00e1rez \"><span style=\"font-size: 18pt;\">Paloma Berganza y Mario Ju\u00e1rez \u00abP\u00e1jaro\u00bb<\/span><br \/>\n<\/span><span style=\"font-size: 14pt; font-family: times new roman,times,serif;\">Concierto en el Liceo de Barcelona<\/span><\/span><\/p>\n<p><iframe loading=\"lazy\" src=\"\/\/www.youtube.com\/embed\/CgqXM7ZHydg?rel=0\" allowfullscreen=\"allowfullscreen\" width=\"853\" frameborder=\"0\" height=\"480\"><\/iframe><\/p>\n<hr>\n","protected":false},"excerpt":{"rendered":"<p>Paloma Berganza Cuarteto El Jazz de Boris Vian. Madrid, Caf\u00e9 Central, 2016. Paloma Berganza Cuarteto Concierto de Paloma Berganza en cuarteto (Paloma Berganza, Daniel Oyarzabal, Antonio \u201cTo\u00f1o\u201d Miguel y Noah Shaye) \u201cEl compositor: la canci\u00f3n\u201d en el ciclo \u201cEl jazz de Boris Vian\u201d. Fundaci\u00f3n Juan March, Madrid. 07\/11\/2015 Paloma Berganza y Daniel Oyarzabal Ne me &hellip; <\/p>\n<p class=\"link-more\"><a href=\"https:\/\/palomaberganza.com\/es\/videos\" class=\"more-link\">Continuar leyendo<span class=\"screen-reader-text\"> \u00abConciertos (v\u00eddeos)\u00bb<\/span><\/a><\/p>\n","protected":false},"author":1,"featured_media":251,"parent":0,"menu_order":0,"comment_status":"closed","ping_status":"closed","template":"","meta":{"ngg_post_thumbnail":0},"yoast_head":"<!-- This site is optimized with the Yoast SEO plugin v20.10 - https:\/\/yoast.com\/wordpress\/plugins\/seo\/ -->\n<title>Paloma Berganza, v\u00eddeos, actuaciones en directo<\/title>\n<meta name=\"description\" content=\"Paloma Berganza, v\u00eddeos, actuaciones en directo, chanson, fundaci\u00f3n juan march, boris vian, Caf\u00e9 Central, Madrid, Sala Clamores\" \/>\n<meta name=\"robots\" content=\"index, follow, max-snippet:-1, max-image-preview:large, max-video-preview:-1\" \/>\n<link rel=\"canonical\" href=\"https:\/\/palomaberganza.com\/videos\" \/>\n<meta property=\"og:locale\" content=\"es_ES\" \/>\n<meta property=\"og:type\" content=\"article\" \/>\n<meta property=\"og:title\" content=\"Paloma Berganza, v\u00eddeos, actuaciones en directo\" \/>\n<meta property=\"og:description\" content=\"Paloma Berganza, v\u00eddeos, actuaciones en directo, chanson, fundaci\u00f3n juan march, boris vian, Caf\u00e9 Central, Madrid, Sala Clamores\" \/>\n<meta property=\"og:url\" content=\"https:\/\/palomaberganza.com\/videos\" \/>\n<meta property=\"og:site_name\" content=\"Paloma Berganza\" \/>\n<meta property=\"article:modified_time\" content=\"2017-04-06T10:29:52+00:00\" \/>\n<meta property=\"og:image\" content=\"https:\/\/palomaberganza.com\/wp-content\/uploads\/2016\/12\/Paloma-Berganza-clases-canto-y-voz-2.jpg\" \/>\n\t<meta property=\"og:image:width\" content=\"2000\" \/>\n\t<meta property=\"og:image:height\" content=\"1200\" \/>\n\t<meta property=\"og:image:type\" content=\"image\/jpeg\" \/>\n<meta name=\"twitter:card\" content=\"summary_large_image\" \/>\n<script type=\"application\/ld+json\" class=\"yoast-schema-graph\">{\"@context\":\"https:\/\/schema.org\",\"@graph\":[{\"@type\":\"WebPage\",\"@id\":\"https:\/\/palomaberganza.com\/videos\",\"url\":\"https:\/\/palomaberganza.com\/videos\",\"name\":\"Paloma Berganza, v\u00eddeos, actuaciones en directo\",\"isPartOf\":{\"@id\":\"https:\/\/palomaberganza.com\/#website\"},\"datePublished\":\"2016-12-26T17:31:47+00:00\",\"dateModified\":\"2017-04-06T10:29:52+00:00\",\"description\":\"Paloma Berganza, v\u00eddeos, actuaciones en directo, chanson, fundaci\u00f3n juan march, boris vian, Caf\u00e9 Central, Madrid, Sala Clamores\",\"breadcrumb\":{\"@id\":\"https:\/\/palomaberganza.com\/videos#breadcrumb\"},\"inLanguage\":\"es\",\"potentialAction\":[{\"@type\":\"ReadAction\",\"target\":[\"https:\/\/palomaberganza.com\/videos\"]}]},{\"@type\":\"BreadcrumbList\",\"@id\":\"https:\/\/palomaberganza.com\/videos#breadcrumb\",\"itemListElement\":[{\"@type\":\"ListItem\",\"position\":1,\"name\":\"Portada\",\"item\":\"https:\/\/palomaberganza.com\/\"},{\"@type\":\"ListItem\",\"position\":2,\"name\":\"Conciertos (v\u00eddeos)\"}]},{\"@type\":\"WebSite\",\"@id\":\"https:\/\/palomaberganza.com\/#website\",\"url\":\"https:\/\/palomaberganza.com\/\",\"name\":\"Paloma Berganza\",\"description\":\"cantante\",\"potentialAction\":[{\"@type\":\"SearchAction\",\"target\":{\"@type\":\"EntryPoint\",\"urlTemplate\":\"https:\/\/palomaberganza.com\/?s={search_term_string}\"},\"query-input\":\"required name=search_term_string\"}],\"inLanguage\":\"es\"}]}<\/script>\n<!-- \/ Yoast SEO plugin. -->","yoast_head_json":{"title":"Paloma Berganza, v\u00eddeos, actuaciones en directo","description":"Paloma Berganza, v\u00eddeos, actuaciones en directo, chanson, fundaci\u00f3n juan march, boris vian, Caf\u00e9 Central, Madrid, Sala Clamores","robots":{"index":"index","follow":"follow","max-snippet":"max-snippet:-1","max-image-preview":"max-image-preview:large","max-video-preview":"max-video-preview:-1"},"canonical":"https:\/\/palomaberganza.com\/videos","og_locale":"es_ES","og_type":"article","og_title":"Paloma Berganza, v\u00eddeos, actuaciones en directo","og_description":"Paloma Berganza, v\u00eddeos, actuaciones en directo, chanson, fundaci\u00f3n juan march, boris vian, Caf\u00e9 Central, Madrid, Sala Clamores","og_url":"https:\/\/palomaberganza.com\/videos","og_site_name":"Paloma Berganza","article_modified_time":"2017-04-06T10:29:52+00:00","og_image":[{"width":2000,"height":1200,"url":"https:\/\/palomaberganza.com\/wp-content\/uploads\/2016\/12\/Paloma-Berganza-clases-canto-y-voz-2.jpg","type":"image\/jpeg"}],"twitter_card":"summary_large_image","schema":{"@context":"https:\/\/schema.org","@graph":[{"@type":"WebPage","@id":"https:\/\/palomaberganza.com\/videos","url":"https:\/\/palomaberganza.com\/videos","name":"Paloma Berganza, v\u00eddeos, actuaciones en directo","isPartOf":{"@id":"https:\/\/palomaberganza.com\/#website"},"datePublished":"2016-12-26T17:31:47+00:00","dateModified":"2017-04-06T10:29:52+00:00","description":"Paloma Berganza, v\u00eddeos, actuaciones en directo, chanson, fundaci\u00f3n juan march, boris vian, Caf\u00e9 Central, Madrid, Sala Clamores","breadcrumb":{"@id":"https:\/\/palomaberganza.com\/videos#breadcrumb"},"inLanguage":"es","potentialAction":[{"@type":"ReadAction","target":["https:\/\/palomaberganza.com\/videos"]}]},{"@type":"BreadcrumbList","@id":"https:\/\/palomaberganza.com\/videos#breadcrumb","itemListElement":[{"@type":"ListItem","position":1,"name":"Portada","item":"https:\/\/palomaberganza.com\/"},{"@type":"ListItem","position":2,"name":"Conciertos (v\u00eddeos)"}]},{"@type":"WebSite","@id":"https:\/\/palomaberganza.com\/#website","url":"https:\/\/palomaberganza.com\/","name":"Paloma Berganza","description":"cantante","potentialAction":[{"@type":"SearchAction","target":{"@type":"EntryPoint","urlTemplate":"https:\/\/palomaberganza.com\/?s={search_term_string}"},"query-input":"required name=search_term_string"}],"inLanguage":"es"}]}},"_links":{"self":[{"href":"https:\/\/palomaberganza.com\/es\/wp-json\/wp\/v2\/pages\/256"}],"collection":[{"href":"https:\/\/palomaberganza.com\/es\/wp-json\/wp\/v2\/pages"}],"about":[{"href":"https:\/\/palomaberganza.com\/es\/wp-json\/wp\/v2\/types\/page"}],"author":[{"embeddable":true,"href":"https:\/\/palomaberganza.com\/es\/wp-json\/wp\/v2\/users\/1"}],"replies":[{"embeddable":true,"href":"https:\/\/palomaberganza.com\/es\/wp-json\/wp\/v2\/comments?post=256"}],"version-history":[{"count":13,"href":"https:\/\/palomaberganza.com\/es\/wp-json\/wp\/v2\/pages\/256\/revisions"}],"predecessor-version":[{"id":299,"href":"https:\/\/palomaberganza.com\/es\/wp-json\/wp\/v2\/pages\/256\/revisions\/299"}],"wp:featuredmedia":[{"embeddable":true,"href":"https:\/\/palomaberganza.com\/es\/wp-json\/wp\/v2\/media\/251"}],"wp:attachment":[{"href":"https:\/\/palomaberganza.com\/es\/wp-json\/wp\/v2\/media?parent=256"}],"curies":[{"name":"wp","href":"https:\/\/api.w.org\/{rel}","templated":true}]}}